{"id":200,"date":"2026-02-07T13:19:55","date_gmt":"2026-02-07T13:19:55","guid":{"rendered":"https:\/\/arenanegrastudio.com\/?page_id=200"},"modified":"2026-02-09T13:26:04","modified_gmt":"2026-02-09T13:26:04","slug":"merch","status":"publish","type":"page","link":"https:\/\/arenanegrastudio.com\/?page_id=200","title":{"rendered":"Merch"},"content":{"rendered":"\t\t<div data-elementor-type=\"wp-page\" data-elementor-id=\"200\" class=\"elementor elementor-200\" data-elementor-post-type=\"page\">\n\t\t\t\t<div class=\"elementor-element elementor-element-4a5a9394 e-flex e-con-boxed e-con e-parent\" data-id=\"4a5a9394\" data-element_type=\"container\">\n\t\t\t\t\t<div class=\"e-con-inner\">\n\t\t\t\t<div class=\"elementor-element elementor-element-5d53af6 elementor-view-default elementor-widget elementor-widget-icon\" data-id=\"5d53af6\" data-element_type=\"widget\" data-widget_type=\"icon.default\">\n\t\t\t\t\t\t\t<div class=\"elementor-icon-wrapper\">\n\t\t\t<a class=\"elementor-icon\" href=\"https:\/\/arenanegrastudio.com\">\n\t\t\t<svg xmlns=\"http:\/\/www.w3.org\/2000\/svg\" xmlns:xlink=\"http:\/\/www.w3.org\/1999\/xlink\" id=\"Capa_1\" viewBox=\"0 0 85.04 85.04\"><defs><style>      .st0 {        fill: none;      }      .st1 {        fill: #b7aba4;      }      .st2 {        clip-path: url(#clippath);      }    <\/style><clipPath id=\"clippath\"><rect class=\"st0\" y=\"0\" width=\"85.04\" height=\"85.04\"><\/rect><\/clipPath><\/defs><g class=\"st2\"><path class=\"st1\" d=\"M80.44,57.77c-.02-6.3-.94-11.92-2.78-16.85-1.86-4.98-4.46-9.19-7.8-12.64-3.34-3.44-7.34-6.07-12-7.87-4.66-1.8-9.79-2.7-15.39-2.7s-10.63.9-15.29,2.7c-4.66,1.8-8.66,4.42-12,7.87-3.34,3.45-5.94,7.66-7.8,12.64-1.84,4.94-2.76,10.56-2.78,16.85h8c-.13-1.24-.2-2.51-.2-3.79,0-18.45,13.48-33.41,30.12-33.41s30.12,14.96,30.12,33.41c0,1.28-.07,2.54-.2,3.79h8Z\"><\/path><\/g><rect class=\"st1\" x=\"20.69\" y=\"66.7\" width=\"42.18\" height=\".63\"><\/rect><\/svg>\t\t\t<\/a>\n\t\t<\/div>\n\t\t\t\t\t\t<\/div>\n\t\t\t\t<div class=\"elementor-element elementor-element-5f144136 elementor-widget elementor-widget-heading\" data-id=\"5f144136\" data-element_type=\"widget\" data-widget_type=\"heading.default\">\n\t\t\t\t\t<h2 class=\"elementor-heading-title elementor-size-default\">Designed by emotion<\/h2>\t\t\t\t<\/div>\n\t\t\t\t<div class=\"elementor-element elementor-element-36d3d080 elementor-widget__width-initial elementor-widget elementor-widget-heading\" data-id=\"36d3d080\" data-element_type=\"widget\" data-widget_type=\"heading.default\">\n\t\t\t\t\t<h3 class=\"elementor-heading-title elementor-size-default\">Soluciones de merchandising corporativo, regalos de empresa y producci\u00f3n personalizada para marcas que cuidan su imagen.<\/h3>\t\t\t\t<\/div>\n\t\t\t\t<div class=\"elementor-element elementor-element-18199d59 elementor-widget__width-initial elementor-widget elementor-widget-text-editor\" data-id=\"18199d59\" data-element_type=\"widget\" data-widget_type=\"text-editor.default\">\n\t\t\t\t\t\t\t\t\t<p style=\"text-align: center;\">En Arena Negra desarrollamos proyectos de merchandising corporativo para empresas, hoteles y marcas que buscan coherencia, calidad y una ejecuci\u00f3n cuidada.<br data-start=\"1002\" data-end=\"1005\" \/>Combinamos cat\u00e1logo profesional, personalizaci\u00f3n y producci\u00f3n local para adaptarnos a cada necesidad.<\/p>\t\t\t\t\t\t\t\t<\/div>\n\t\t\t\t<div class=\"elementor-element elementor-element-919b5e0 elementor-widget__width-initial elementor-widget elementor-widget-heading\" data-id=\"919b5e0\" data-element_type=\"widget\" data-widget_type=\"heading.default\">\n\t\t\t\t\t<h3 class=\"elementor-heading-title elementor-size-default\">Explora nuestros cat\u00e1logos y solicita presupuesto f\u00e1cilmente:<\/h3>\t\t\t\t<\/div>\n\t\t<div class=\"elementor-element elementor-element-c47f7f0 e-con-full e-flex e-con e-child\" data-id=\"c47f7f0\" data-element_type=\"container\">\n\t\t<div class=\"elementor-element elementor-element-162fda5 e-con-full e-flex e-con e-child\" data-id=\"162fda5\" data-element_type=\"container\">\n\t\t\t\t<div class=\"elementor-element elementor-element-7101f55 elementor-widget elementor-widget-image\" data-id=\"7101f55\" data-element_type=\"widget\" data-widget_type=\"image.default\">\n\t\t\t\t\t\t\t\t\t\t\t\t\t\t\t<img fetchpriority=\"high\" decoding=\"async\" width=\"1000\" height=\"1000\" src=\"https:\/\/arenanegrastudio.com\/wp-content\/uploads\/2026\/02\/catalogo1.webp\" class=\"attachment-large size-large wp-image-230\" alt=\"\" srcset=\"https:\/\/arenanegrastudio.com\/wp-content\/uploads\/2026\/02\/catalogo1.webp 1000w, https:\/\/arenanegrastudio.com\/wp-content\/uploads\/2026\/02\/catalogo1-300x300.webp 300w, https:\/\/arenanegrastudio.com\/wp-content\/uploads\/2026\/02\/catalogo1-150x150.webp 150w, https:\/\/arenanegrastudio.com\/wp-content\/uploads\/2026\/02\/catalogo1-768x768.webp 768w\" sizes=\"(max-width: 1000px) 100vw, 1000px\" \/>\t\t\t\t\t\t\t\t\t\t\t\t\t\t\t<\/div>\n\t\t<div class=\"elementor-element elementor-element-a668ab0 e-con-full e-flex e-con e-child\" data-id=\"a668ab0\" data-element_type=\"container\">\n\t\t\t\t<div class=\"elementor-element elementor-element-4a8af83 elementor-view-default elementor-widget elementor-widget-icon\" data-id=\"4a8af83\" data-element_type=\"widget\" data-widget_type=\"icon.default\">\n\t\t\t\t\t\t\t<div class=\"elementor-icon-wrapper\">\n\t\t\t<a class=\"elementor-icon\" href=\"https:\/\/arenanegrastudio.com\/?page_id=341\">\n\t\t\t<svg aria-hidden=\"true\" class=\"e-font-icon-svg e-far-eye\" viewBox=\"0 0 576 512\" xmlns=\"http:\/\/www.w3.org\/2000\/svg\"><path d=\"M288 144a110.94 110.94 0 0 0-31.24 5 55.4 55.4 0 0 1 7.24 27 56 56 0 0 1-56 56 55.4 55.4 0 0 1-27-7.24A111.71 111.71 0 1 0 288 144zm284.52 97.4C518.29 135.59 410.93 64 288 64S57.68 135.64 3.48 241.41a32.35 32.35 0 0 0 0 29.19C57.71 376.41 165.07 448 288 448s230.32-71.64 284.52-177.41a32.35 32.35 0 0 0 0-29.19zM288 400c-98.65 0-189.09-55-237.93-144C98.91 167 189.34 112 288 112s189.09 55 237.93 144C477.1 345 386.66 400 288 400z\"><\/path><\/svg>\t\t\t<\/a>\n\t\t<\/div>\n\t\t\t\t\t\t<\/div>\n\t\t\t\t<div class=\"elementor-element elementor-element-d1cc2d6 elementor-view-default elementor-widget elementor-widget-icon\" data-id=\"d1cc2d6\" data-element_type=\"widget\" data-widget_type=\"icon.default\">\n\t\t\t\t\t\t\t<div class=\"elementor-icon-wrapper\">\n\t\t\t<a class=\"elementor-icon\" href=\"https:\/\/arenanegrastudio.com?download=365&#038;tmstv=1770558650\">\n\t\t\t<svg aria-hidden=\"true\" class=\"e-font-icon-svg e-fas-download\" viewBox=\"0 0 512 512\" xmlns=\"http:\/\/www.w3.org\/2000\/svg\"><path d=\"M216 0h80c13.3 0 24 10.7 24 24v168h87.7c17.8 0 26.7 21.5 14.1 34.1L269.7 378.3c-7.5 7.5-19.8 7.5-27.3 0L90.1 226.1c-12.6-12.6-3.7-34.1 14.1-34.1H192V24c0-13.3 10.7-24 24-24zm296 376v112c0 13.3-10.7 24-24 24H24c-13.3 0-24-10.7-24-24V376c0-13.3 10.7-24 24-24h146.7l49 49c20.1 20.1 52.5 20.1 72.6 0l49-49H488c13.3 0 24 10.7 24 24zm-124 88c0-11-9-20-20-20s-20 9-20 20 9 20 20 20 20-9 20-20zm64 0c0-11-9-20-20-20s-20 9-20 20 9 20 20 20 20-9 20-20z\"><\/path><\/svg>\t\t\t<\/a>\n\t\t<\/div>\n\t\t\t\t\t\t<\/div>\n\t\t\t\t<\/div>\n\t\t\t\t<div class=\"elementor-element elementor-element-478b94e elementor-widget elementor-widget-heading\" data-id=\"478b94e\" data-element_type=\"widget\" data-widget_type=\"heading.default\">\n\t\t\t\t\t<h3 class=\"elementor-heading-title elementor-size-default\">SIGNATURE COLLECTION 2026<\/h3>\t\t\t\t<\/div>\n\t\t\t\t<div class=\"elementor-element elementor-element-4027d01 elementor-widget__width-initial elementor-widget elementor-widget-text-editor\" data-id=\"4027d01\" data-element_type=\"widget\" data-widget_type=\"text-editor.default\">\n\t\t\t\t\t\t\t\t\t<blockquote data-start=\"280\" data-end=\"433\">\n<p style=\"text-align: center;\" data-start=\"282\" data-end=\"433\">Una selecci\u00f3n de productos de merchandising corporativo pensada para trabajar marcas con coherencia, calidad y buenas posibilidades de personalizaci\u00f3n.<\/p><\/blockquote>\t\t\t\t\t\t\t\t<\/div>\n\t\t\t\t<\/div>\n\t\t<div class=\"elementor-element elementor-element-8725cac e-con-full e-flex e-con e-child\" data-id=\"8725cac\" data-element_type=\"container\">\n\t\t\t\t<div class=\"elementor-element elementor-element-c23fb29 elementor-widget elementor-widget-image\" data-id=\"c23fb29\" data-element_type=\"widget\" data-widget_type=\"image.default\">\n\t\t\t\t\t\t\t\t\t\t\t\t\t\t\t<img decoding=\"async\" width=\"1024\" height=\"1024\" src=\"https:\/\/arenanegrastudio.com\/wp-content\/uploads\/2026\/02\/envato-labs-image-edit-58.png\" class=\"attachment-large size-large wp-image-485\" alt=\"\" srcset=\"https:\/\/arenanegrastudio.com\/wp-content\/uploads\/2026\/02\/envato-labs-image-edit-58.png 1024w, https:\/\/arenanegrastudio.com\/wp-content\/uploads\/2026\/02\/envato-labs-image-edit-58-300x300.png 300w, https:\/\/arenanegrastudio.com\/wp-content\/uploads\/2026\/02\/envato-labs-image-edit-58-150x150.png 150w, https:\/\/arenanegrastudio.com\/wp-content\/uploads\/2026\/02\/envato-labs-image-edit-58-768x768.png 768w\" sizes=\"(max-width: 1024px) 100vw, 1024px\" \/>\t\t\t\t\t\t\t\t\t\t\t\t\t\t\t<\/div>\n\t\t<div class=\"elementor-element elementor-element-2f037c1 e-con-full e-flex e-con e-child\" data-id=\"2f037c1\" data-element_type=\"container\">\n\t\t\t\t<div class=\"elementor-element elementor-element-2b7328c elementor-view-default elementor-widget elementor-widget-icon\" data-id=\"2b7328c\" data-element_type=\"widget\" data-widget_type=\"icon.default\">\n\t\t\t\t\t\t\t<div class=\"elementor-icon-wrapper\">\n\t\t\t<a class=\"elementor-icon\" href=\"https:\/\/arenanegrastudio.com\/?page_id=265\">\n\t\t\t<svg aria-hidden=\"true\" class=\"e-font-icon-svg e-far-eye\" viewBox=\"0 0 576 512\" xmlns=\"http:\/\/www.w3.org\/2000\/svg\"><path d=\"M288 144a110.94 110.94 0 0 0-31.24 5 55.4 55.4 0 0 1 7.24 27 56 56 0 0 1-56 56 55.4 55.4 0 0 1-27-7.24A111.71 111.71 0 1 0 288 144zm284.52 97.4C518.29 135.59 410.93 64 288 64S57.68 135.64 3.48 241.41a32.35 32.35 0 0 0 0 29.19C57.71 376.41 165.07 448 288 448s230.32-71.64 284.52-177.41a32.35 32.35 0 0 0 0-29.19zM288 400c-98.65 0-189.09-55-237.93-144C98.91 167 189.34 112 288 112s189.09 55 237.93 144C477.1 345 386.66 400 288 400z\"><\/path><\/svg>\t\t\t<\/a>\n\t\t<\/div>\n\t\t\t\t\t\t<\/div>\n\t\t\t\t<div class=\"elementor-element elementor-element-d0202a4 elementor-view-default elementor-widget elementor-widget-icon\" data-id=\"d0202a4\" data-element_type=\"widget\" data-widget_type=\"icon.default\">\n\t\t\t\t\t\t\t<div class=\"elementor-icon-wrapper\">\n\t\t\t<a class=\"elementor-icon\" href=\"https:\/\/arenanegrastudio.com?download=375&#038;tmstv=1770571745\">\n\t\t\t<svg aria-hidden=\"true\" class=\"e-font-icon-svg e-fas-download\" viewBox=\"0 0 512 512\" xmlns=\"http:\/\/www.w3.org\/2000\/svg\"><path d=\"M216 0h80c13.3 0 24 10.7 24 24v168h87.7c17.8 0 26.7 21.5 14.1 34.1L269.7 378.3c-7.5 7.5-19.8 7.5-27.3 0L90.1 226.1c-12.6-12.6-3.7-34.1 14.1-34.1H192V24c0-13.3 10.7-24 24-24zm296 376v112c0 13.3-10.7 24-24 24H24c-13.3 0-24-10.7-24-24V376c0-13.3 10.7-24 24-24h146.7l49 49c20.1 20.1 52.5 20.1 72.6 0l49-49H488c13.3 0 24 10.7 24 24zm-124 88c0-11-9-20-20-20s-20 9-20 20 9 20 20 20 20-9 20-20zm64 0c0-11-9-20-20-20s-20 9-20 20 9 20 20 20 20-9 20-20z\"><\/path><\/svg>\t\t\t<\/a>\n\t\t<\/div>\n\t\t\t\t\t\t<\/div>\n\t\t\t\t<\/div>\n\t\t\t\t<div class=\"elementor-element elementor-element-aa9ed83 elementor-widget elementor-widget-heading\" data-id=\"aa9ed83\" data-element_type=\"widget\" data-widget_type=\"heading.default\">\n\t\t\t\t\t<h3 class=\"elementor-heading-title elementor-size-default\">POWER IDEAS 2026<\/h3>\t\t\t\t<\/div>\n\t\t\t\t<div class=\"elementor-element elementor-element-db57661 elementor-widget__width-initial elementor-widget elementor-widget-text-editor\" data-id=\"db57661\" data-element_type=\"widget\" data-widget_type=\"text-editor.default\">\n\t\t\t\t\t\t\t\t\t<blockquote data-start=\"280\" data-end=\"433\">\n<p style=\"text-align: center;\" data-start=\"282\" data-end=\"433\">Cat\u00e1logo de merchandising corporativo con una amplia gama de productos promocionales para acciones de marca, eventos y uso empresarial.<\/p>\n<\/blockquote>\t\t\t\t\t\t\t\t<\/div>\n\t\t\t\t<\/div>\n\t\t<div class=\"elementor-element elementor-element-e1021e1 e-con-full e-flex e-con e-child\" data-id=\"e1021e1\" data-element_type=\"container\">\n\t\t\t\t<div class=\"elementor-element elementor-element-eba843f elementor-widget elementor-widget-image\" data-id=\"eba843f\" data-element_type=\"widget\" data-widget_type=\"image.default\">\n\t\t\t\t\t\t\t\t\t\t\t\t\t\t\t<img decoding=\"async\" width=\"1024\" height=\"1024\" src=\"https:\/\/arenanegrastudio.com\/wp-content\/uploads\/2026\/02\/envato-labs-image-edit-51.png\" class=\"attachment-large size-large wp-image-392\" alt=\"\" srcset=\"https:\/\/arenanegrastudio.com\/wp-content\/uploads\/2026\/02\/envato-labs-image-edit-51.png 1024w, https:\/\/arenanegrastudio.com\/wp-content\/uploads\/2026\/02\/envato-labs-image-edit-51-300x300.png 300w, https:\/\/arenanegrastudio.com\/wp-content\/uploads\/2026\/02\/envato-labs-image-edit-51-150x150.png 150w, https:\/\/arenanegrastudio.com\/wp-content\/uploads\/2026\/02\/envato-labs-image-edit-51-768x768.png 768w\" sizes=\"(max-width: 1024px) 100vw, 1024px\" \/>\t\t\t\t\t\t\t\t\t\t\t\t\t\t\t<\/div>\n\t\t<div class=\"elementor-element elementor-element-a7a6591 e-con-full e-flex e-con e-child\" data-id=\"a7a6591\" data-element_type=\"container\">\n\t\t\t\t<div class=\"elementor-element elementor-element-b9b4c80 elementor-view-default elementor-widget elementor-widget-icon\" data-id=\"b9b4c80\" data-element_type=\"widget\" data-widget_type=\"icon.default\">\n\t\t\t\t\t\t\t<div class=\"elementor-icon-wrapper\">\n\t\t\t<a class=\"elementor-icon\" href=\"https:\/\/arenanegrastudio.com\/?page_id=300\">\n\t\t\t<svg aria-hidden=\"true\" class=\"e-font-icon-svg e-far-eye\" viewBox=\"0 0 576 512\" xmlns=\"http:\/\/www.w3.org\/2000\/svg\"><path d=\"M288 144a110.94 110.94 0 0 0-31.24 5 55.4 55.4 0 0 1 7.24 27 56 56 0 0 1-56 56 55.4 55.4 0 0 1-27-7.24A111.71 111.71 0 1 0 288 144zm284.52 97.4C518.29 135.59 410.93 64 288 64S57.68 135.64 3.48 241.41a32.35 32.35 0 0 0 0 29.19C57.71 376.41 165.07 448 288 448s230.32-71.64 284.52-177.41a32.35 32.35 0 0 0 0-29.19zM288 400c-98.65 0-189.09-55-237.93-144C98.91 167 189.34 112 288 112s189.09 55 237.93 144C477.1 345 386.66 400 288 400z\"><\/path><\/svg>\t\t\t<\/a>\n\t\t<\/div>\n\t\t\t\t\t\t<\/div>\n\t\t\t\t<div class=\"elementor-element elementor-element-5d7e8fa elementor-view-default elementor-widget elementor-widget-icon\" data-id=\"5d7e8fa\" data-element_type=\"widget\" data-widget_type=\"icon.default\">\n\t\t\t\t\t\t\t<div class=\"elementor-icon-wrapper\">\n\t\t\t<a class=\"elementor-icon\" href=\"https:\/\/arenanegrastudio.com?download=375&#038;tmstv=1770571745\">\n\t\t\t<svg aria-hidden=\"true\" class=\"e-font-icon-svg e-fas-download\" viewBox=\"0 0 512 512\" xmlns=\"http:\/\/www.w3.org\/2000\/svg\"><path d=\"M216 0h80c13.3 0 24 10.7 24 24v168h87.7c17.8 0 26.7 21.5 14.1 34.1L269.7 378.3c-7.5 7.5-19.8 7.5-27.3 0L90.1 226.1c-12.6-12.6-3.7-34.1 14.1-34.1H192V24c0-13.3 10.7-24 24-24zm296 376v112c0 13.3-10.7 24-24 24H24c-13.3 0-24-10.7-24-24V376c0-13.3 10.7-24 24-24h146.7l49 49c20.1 20.1 52.5 20.1 72.6 0l49-49H488c13.3 0 24 10.7 24 24zm-124 88c0-11-9-20-20-20s-20 9-20 20 9 20 20 20 20-9 20-20zm64 0c0-11-9-20-20-20s-20 9-20 20 9 20 20 20 20-9 20-20z\"><\/path><\/svg>\t\t\t<\/a>\n\t\t<\/div>\n\t\t\t\t\t\t<\/div>\n\t\t\t\t<\/div>\n\t\t\t\t<div class=\"elementor-element elementor-element-99e599a elementor-widget elementor-widget-heading\" data-id=\"99e599a\" data-element_type=\"widget\" data-widget_type=\"heading.default\">\n\t\t\t\t\t<h3 class=\"elementor-heading-title elementor-size-default\">MORE THAN GIFTS 2026<\/h3>\t\t\t\t<\/div>\n\t\t\t\t<div class=\"elementor-element elementor-element-fb8aa47 elementor-widget__width-initial elementor-widget elementor-widget-text-editor\" data-id=\"fb8aa47\" data-element_type=\"widget\" data-widget_type=\"text-editor.default\">\n\t\t\t\t\t\t\t\t\t<blockquote data-start=\"280\" data-end=\"433\"><p style=\"text-align: center;\" data-start=\"282\" data-end=\"433\">Cat\u00e1logo con una gran variedad de productos de merchandising corporativo, ideal para comparar opciones y rangos de precio antes de definir una propuesta.<\/p><\/blockquote>\t\t\t\t\t\t\t\t<\/div>\n\t\t\t\t<\/div>\n\t\t<div class=\"elementor-element elementor-element-186f9a4 e-con-full e-flex e-con e-child\" data-id=\"186f9a4\" data-element_type=\"container\">\n\t\t\t\t<div class=\"elementor-element elementor-element-e1f6edc elementor-widget elementor-widget-image\" data-id=\"e1f6edc\" data-element_type=\"widget\" data-widget_type=\"image.default\">\n\t\t\t\t\t\t\t\t\t\t\t\t\t\t\t<img loading=\"lazy\" decoding=\"async\" width=\"1024\" height=\"1024\" src=\"https:\/\/arenanegrastudio.com\/wp-content\/uploads\/2026\/02\/envato-labs-image-edit-50.png\" class=\"attachment-large size-large wp-image-390\" alt=\"\" srcset=\"https:\/\/arenanegrastudio.com\/wp-content\/uploads\/2026\/02\/envato-labs-image-edit-50.png 1024w, https:\/\/arenanegrastudio.com\/wp-content\/uploads\/2026\/02\/envato-labs-image-edit-50-300x300.png 300w, https:\/\/arenanegrastudio.com\/wp-content\/uploads\/2026\/02\/envato-labs-image-edit-50-150x150.png 150w, https:\/\/arenanegrastudio.com\/wp-content\/uploads\/2026\/02\/envato-labs-image-edit-50-768x768.png 768w\" sizes=\"(max-width: 1024px) 100vw, 1024px\" \/>\t\t\t\t\t\t\t\t\t\t\t\t\t\t\t<\/div>\n\t\t<div class=\"elementor-element elementor-element-c75863f e-con-full e-flex e-con e-child\" data-id=\"c75863f\" data-element_type=\"container\">\n\t\t\t\t<div class=\"elementor-element elementor-element-5187920 elementor-view-default elementor-widget elementor-widget-icon\" data-id=\"5187920\" data-element_type=\"widget\" data-widget_type=\"icon.default\">\n\t\t\t\t\t\t\t<div class=\"elementor-icon-wrapper\">\n\t\t\t<a class=\"elementor-icon\" href=\"https:\/\/arenanegrastudio.com\/?page_id=336\">\n\t\t\t<svg aria-hidden=\"true\" class=\"e-font-icon-svg e-far-eye\" viewBox=\"0 0 576 512\" xmlns=\"http:\/\/www.w3.org\/2000\/svg\"><path d=\"M288 144a110.94 110.94 0 0 0-31.24 5 55.4 55.4 0 0 1 7.24 27 56 56 0 0 1-56 56 55.4 55.4 0 0 1-27-7.24A111.71 111.71 0 1 0 288 144zm284.52 97.4C518.29 135.59 410.93 64 288 64S57.68 135.64 3.48 241.41a32.35 32.35 0 0 0 0 29.19C57.71 376.41 165.07 448 288 448s230.32-71.64 284.52-177.41a32.35 32.35 0 0 0 0-29.19zM288 400c-98.65 0-189.09-55-237.93-144C98.91 167 189.34 112 288 112s189.09 55 237.93 144C477.1 345 386.66 400 288 400z\"><\/path><\/svg>\t\t\t<\/a>\n\t\t<\/div>\n\t\t\t\t\t\t<\/div>\n\t\t\t\t<div class=\"elementor-element elementor-element-6f42532 elementor-view-default elementor-widget elementor-widget-icon\" data-id=\"6f42532\" data-element_type=\"widget\" data-widget_type=\"icon.default\">\n\t\t\t\t\t\t\t<div class=\"elementor-icon-wrapper\">\n\t\t\t<a class=\"elementor-icon\" href=\"https:\/\/arenanegrastudio.com?download=384&#038;tmstv=1770571784\">\n\t\t\t<svg aria-hidden=\"true\" class=\"e-font-icon-svg e-fas-download\" viewBox=\"0 0 512 512\" xmlns=\"http:\/\/www.w3.org\/2000\/svg\"><path d=\"M216 0h80c13.3 0 24 10.7 24 24v168h87.7c17.8 0 26.7 21.5 14.1 34.1L269.7 378.3c-7.5 7.5-19.8 7.5-27.3 0L90.1 226.1c-12.6-12.6-3.7-34.1 14.1-34.1H192V24c0-13.3 10.7-24 24-24zm296 376v112c0 13.3-10.7 24-24 24H24c-13.3 0-24-10.7-24-24V376c0-13.3 10.7-24 24-24h146.7l49 49c20.1 20.1 52.5 20.1 72.6 0l49-49H488c13.3 0 24 10.7 24 24zm-124 88c0-11-9-20-20-20s-20 9-20 20 9 20 20 20 20-9 20-20zm64 0c0-11-9-20-20-20s-20 9-20 20 9 20 20 20 20-9 20-20z\"><\/path><\/svg>\t\t\t<\/a>\n\t\t<\/div>\n\t\t\t\t\t\t<\/div>\n\t\t\t\t<\/div>\n\t\t\t\t<div class=\"elementor-element elementor-element-192b960 elementor-widget elementor-widget-heading\" data-id=\"192b960\" data-element_type=\"widget\" data-widget_type=\"heading.default\">\n\t\t\t\t\t<h3 class=\"elementor-heading-title elementor-size-default\">YOURCHOICE - FULL PRINT<\/h3>\t\t\t\t<\/div>\n\t\t\t\t<div class=\"elementor-element elementor-element-30331d0 elementor-widget__width-initial elementor-widget elementor-widget-text-editor\" data-id=\"30331d0\" data-element_type=\"widget\" data-widget_type=\"text-editor.default\">\n\t\t\t\t\t\t\t\t\t<blockquote data-start=\"280\" data-end=\"433\"><p style=\"text-align: center;\" data-start=\"282\" data-end=\"433\">Cat\u00e1logo de merchandising con personalizaci\u00f3n integral, pensado para proyectos donde el dise\u00f1o y el impacto visual tienen un papel protagonista.<\/p><\/blockquote>\t\t\t\t\t\t\t\t<\/div>\n\t\t\t\t<\/div>\n\t\t\t\t<\/div>\n\t\t\t\t\t<\/div>\n\t\t\t\t<\/div>\n\t\t\t\t<\/div>\n\t\t","protected":false},"excerpt":{"rendered":"<p>Designed by emotion Soluciones de merchandising corporativo, regalos de empresa y producci\u00f3n personalizada para marcas que cuidan su imagen. En Arena Negra desarrollamos proyectos de merchandising corporativo para empresas, hoteles y marcas que buscan coherencia, calidad y una ejecuci\u00f3n cuidada.Combinamos cat\u00e1logo profesional, personalizaci\u00f3n y producci\u00f3n local para adaptarnos a cada necesidad. Explora nuestros cat\u00e1logos y [&hellip;]<\/p>\n","protected":false},"author":1,"featured_media":0,"parent":0,"menu_order":0,"comment_status":"closed","ping_status":"closed","template":"elementor_canvas","meta":{"footnotes":""},"class_list":["post-200","page","type-page","status-publish","hentry"],"_links":{"self":[{"href":"https:\/\/arenanegrastudio.com\/index.php?rest_route=\/wp\/v2\/pages\/200","targetHints":{"allow":["GET"]}}],"collection":[{"href":"https:\/\/arenanegrastudio.com\/index.php?rest_route=\/wp\/v2\/pages"}],"about":[{"href":"https:\/\/arenanegrastudio.com\/index.php?rest_route=\/wp\/v2\/types\/page"}],"author":[{"embeddable":true,"href":"https:\/\/arenanegrastudio.com\/index.php?rest_route=\/wp\/v2\/users\/1"}],"replies":[{"embeddable":true,"href":"https:\/\/arenanegrastudio.com\/index.php?rest_route=%2Fwp%2Fv2%2Fcomments&post=200"}],"version-history":[{"count":49,"href":"https:\/\/arenanegrastudio.com\/index.php?rest_route=\/wp\/v2\/pages\/200\/revisions"}],"predecessor-version":[{"id":542,"href":"https:\/\/arenanegrastudio.com\/index.php?rest_route=\/wp\/v2\/pages\/200\/revisions\/542"}],"wp:attachment":[{"href":"https:\/\/arenanegrastudio.com\/index.php?rest_route=%2Fwp%2Fv2%2Fmedia&parent=200"}],"curies":[{"name":"wp","href":"https:\/\/api.w.org\/{rel}","templated":true}]}}