{"id":173,"date":"2026-02-07T12:25:35","date_gmt":"2026-02-07T12:25:35","guid":{"rendered":"https:\/\/arenanegrastudio.com\/?page_id=173"},"modified":"2026-02-09T19:54:01","modified_gmt":"2026-02-09T19:54:01","slug":"arena-negra-studio","status":"publish","type":"page","link":"https:\/\/arenanegrastudio.com\/","title":{"rendered":"Arena Negra Studio"},"content":{"rendered":"\t\t<div data-elementor-type=\"wp-page\" data-elementor-id=\"173\" class=\"elementor elementor-173\" data-elementor-post-type=\"page\">\n\t\t\t\t<div class=\"elementor-element elementor-element-17bf4cc e-flex e-con-boxed e-con e-parent\" data-id=\"17bf4cc\" data-element_type=\"container\" data-settings=\"{&quot;background_background&quot;:&quot;classic&quot;}\">\n\t\t\t\t\t<div class=\"e-con-inner\">\n\t\t<div class=\"elementor-element elementor-element-a37998d e-con-full elementor-hidden-mobile e-flex e-con e-child\" data-id=\"a37998d\" data-element_type=\"container\" data-settings=\"{&quot;background_background&quot;:&quot;classic&quot;}\">\n\t\t\t\t<div class=\"elementor-element elementor-element-e0c9f9a elementor-view-framed elementor-widget__width-inherit elementor-shape-circle elementor-position-top elementor-mobile-position-top elementor-widget elementor-widget-icon-box\" data-id=\"e0c9f9a\" data-element_type=\"widget\" data-widget_type=\"icon-box.default\">\n\t\t\t\t\t\t\t<div class=\"elementor-icon-box-wrapper\">\n\n\t\t\t\t\t\t<div class=\"elementor-icon-box-icon\">\n\t\t\t\t<a href=\"https:\/\/arenanegrastudio.com\/?page_id=200\" class=\"elementor-icon\" tabindex=\"-1\" aria-label=\"Merchandising&lt;br&gt; para empresas\">\n\t\t\t\t<svg xmlns=\"http:\/\/www.w3.org\/2000\/svg\" xmlns:xlink=\"http:\/\/www.w3.org\/1999\/xlink\" id=\"Capa_1\" viewBox=\"0 0 85.04 85.04\"><defs><style>      .st0 {        fill: none;      }      .st1 {        fill: #b7aba4;      }      .st2 {        clip-path: url(#clippath);      }    <\/style><clipPath id=\"clippath\"><rect class=\"st0\" y=\"0\" width=\"85.04\" height=\"85.04\"><\/rect><\/clipPath><\/defs><g class=\"st2\"><path class=\"st1\" d=\"M65.92,26.95c-.01-3.93-.58-7.44-1.72-10.52-1.15-3.11-2.75-5.74-4.81-7.89-2.06-2.15-4.53-3.79-7.4-4.91-2.87-1.12-6.04-1.68-9.5-1.68s-6.56.56-9.44,1.68c-2.87,1.12-5.34,2.76-7.4,4.91-2.06,2.15-3.67,4.78-4.81,7.89-1.14,3.08-1.71,6.59-1.72,10.52h4.94c-.08-.78-.12-1.56-.12-2.36,0-11.52,8.32-20.86,18.58-20.86s18.58,9.34,18.58,20.86c0,.8-.04,1.59-.12,2.36h4.94Z\"><\/path><\/g><path class=\"st1\" d=\"M69.64,80.14H15.4v-43.97h54.23v43.97ZM72.55,83.05v-49.79H12.49v49.79h60.06Z\"><\/path><\/svg>\t\t\t\t<\/a>\n\t\t\t<\/div>\n\t\t\t\n\t\t\t\t\t\t<div class=\"elementor-icon-box-content\">\n\n\t\t\t\t\t\t\t\t\t<h3 class=\"elementor-icon-box-title\">\n\t\t\t\t\t\t<a href=\"https:\/\/arenanegrastudio.com\/?page_id=200\" >\n\t\t\t\t\t\t\tMerchandising<br> para empresas\t\t\t\t\t\t<\/a>\n\t\t\t\t\t<\/h3>\n\t\t\t\t\n\t\t\t\t\n\t\t\t<\/div>\n\t\t\t\n\t\t<\/div>\n\t\t\t\t\t\t<\/div>\n\t\t\t\t<div class=\"elementor-element elementor-element-ede3e79 elementor-view-framed elementor-widget__width-inherit elementor-shape-circle elementor-position-top elementor-mobile-position-top elementor-widget elementor-widget-icon-box\" data-id=\"ede3e79\" data-element_type=\"widget\" data-widget_type=\"icon-box.default\">\n\t\t\t\t\t\t\t<div class=\"elementor-icon-box-wrapper\">\n\n\t\t\t\t\t\t<div class=\"elementor-icon-box-icon\">\n\t\t\t\t<a href=\"https:\/\/arenanegrastudio.com\/?page_id=454\" class=\"elementor-icon\" tabindex=\"-1\" aria-label=\"Im\u00e1gen&lt;br&gt; corporativa\">\n\t\t\t\t<svg xmlns=\"http:\/\/www.w3.org\/2000\/svg\" xmlns:xlink=\"http:\/\/www.w3.org\/1999\/xlink\" id=\"Capa_1\" viewBox=\"0 0 85.04 85.04\"><defs><style>      .st0 {        fill: none;      }      .st1 {        fill: #b7aba4;      }      .st2 {        clip-path: url(#clippath);      }    <\/style><clipPath id=\"clippath\"><rect class=\"st0\" y=\"0\" width=\"85.04\" height=\"85.04\"><\/rect><\/clipPath><\/defs><g class=\"st2\"><path class=\"st1\" d=\"M62.64,42.52c-9.32,6.78-16.48,16.86-20.12,28.73-3.64-11.87-10.8-21.96-20.12-28.73,9.32-6.77,16.48-16.86,20.12-28.73,3.64,11.88,10.8,21.96,20.12,28.73M74.52,42.52c-14.82-7.83-26.21-19.47-32-33.19-5.79,13.72-17.18,25.37-32,33.19,14.82,7.83,26.21,19.48,32,33.19,5.79-13.72,17.18-25.37,32-33.19\"><\/path><\/g><\/svg>\t\t\t\t<\/a>\n\t\t\t<\/div>\n\t\t\t\n\t\t\t\t\t\t<div class=\"elementor-icon-box-content\">\n\n\t\t\t\t\t\t\t\t\t<h3 class=\"elementor-icon-box-title\">\n\t\t\t\t\t\t<a href=\"https:\/\/arenanegrastudio.com\/?page_id=454\" >\n\t\t\t\t\t\t\tIm\u00e1gen<br> corporativa\t\t\t\t\t\t<\/a>\n\t\t\t\t\t<\/h3>\n\t\t\t\t\n\t\t\t\t\n\t\t\t<\/div>\n\t\t\t\n\t\t<\/div>\n\t\t\t\t\t\t<\/div>\n\t\t\t\t<div class=\"elementor-element elementor-element-c15d889 elementor-view-framed elementor-widget__width-inherit elementor-shape-circle elementor-position-top elementor-mobile-position-top elementor-widget elementor-widget-icon-box\" data-id=\"c15d889\" data-element_type=\"widget\" data-widget_type=\"icon-box.default\">\n\t\t\t\t\t\t\t<div class=\"elementor-icon-box-wrapper\">\n\n\t\t\t\t\t\t<div class=\"elementor-icon-box-icon\">\n\t\t\t\t<a href=\"https:\/\/arenanegrastudio.com\/?page_id=399\" class=\"elementor-icon\" tabindex=\"-1\" aria-label=\"Eventos&lt;br&gt;&amp; experiencias\">\n\t\t\t\t<svg xmlns=\"http:\/\/www.w3.org\/2000\/svg\" xmlns:xlink=\"http:\/\/www.w3.org\/1999\/xlink\" id=\"Capa_1\" viewBox=\"0 0 85.04 85.04\"><defs><style>      .st0 {        fill: none;      }      .st1 {        fill: #b8aca4;      }      .st2 {        clip-path: url(#clippath);      }    <\/style><clipPath id=\"clippath\"><rect class=\"st0\" y=\"0\" width=\"85.04\" height=\"85.04\"><\/rect><\/clipPath><\/defs><g class=\"st2\"><path class=\"st1\" d=\"M68.43,37.52c-7.6,4.04-12.84,10.97-12.84,20.69,0,3.89,1.59,8.29,3.08,11.56-4.09-3.96-10.21-7.37-16.15-7.37s-12.06,3.42-16.15,7.37c1.49-3.27,3.08-7.67,3.08-11.56,0-9.73-5.24-16.91-12.84-20.95,1.04.15,2.09.26,3.17.26,13.87,0,20.89-6.59,22.74-20.79,2.16,14.35,11.24,21.05,22.74,21.05,1.08,0,2.13-.11,3.17-.26M78.94,34.73c-1.46.19-2.94.33-4.45.33-16.18,0-29.55-11.43-31.97-26.37-2.42,14.93-15.79,26.37-31.97,26.37-1.51,0-2.99-.13-4.45-.33,10.69,5.1,18.05,15.69,18.05,27.96,0,4.91-1.21,9.53-3.3,13.66,5.74-4.99,13.33-8.06,21.67-8.06s15.93,3.06,21.67,8.06c-2.09-4.13-3.3-8.75-3.3-13.66,0-12.27,7.36-22.86,18.05-27.96\"><\/path><\/g><\/svg>\t\t\t\t<\/a>\n\t\t\t<\/div>\n\t\t\t\n\t\t\t\t\t\t<div class=\"elementor-icon-box-content\">\n\n\t\t\t\t\t\t\t\t\t<h3 class=\"elementor-icon-box-title\">\n\t\t\t\t\t\t<a href=\"https:\/\/arenanegrastudio.com\/?page_id=399\" >\n\t\t\t\t\t\t\tEventos<br>&amp; experiencias\t\t\t\t\t\t<\/a>\n\t\t\t\t\t<\/h3>\n\t\t\t\t\n\t\t\t\t\n\t\t\t<\/div>\n\t\t\t\n\t\t<\/div>\n\t\t\t\t\t\t<\/div>\n\t\t\t\t<div class=\"elementor-element elementor-element-b48070f elementor-view-framed elementor-widget__width-inherit elementor-shape-circle elementor-position-top elementor-mobile-position-top elementor-widget elementor-widget-icon-box\" data-id=\"b48070f\" data-element_type=\"widget\" data-widget_type=\"icon-box.default\">\n\t\t\t\t\t\t\t<div class=\"elementor-icon-box-wrapper\">\n\n\t\t\t\t\t\t<div class=\"elementor-icon-box-icon\">\n\t\t\t\t<a href=\"mailto:phoyorosa@arenanegrastudio.com?subject=Contacto%20desde%20la%20web&#038;body=Hola,%0D%0A%0D%0AMe%20gustar%C3%ADa%20recibir%20m%C3%A1s%20informaci%C3%B3n.%0D%0A%0D%0ANombre:%0D%0AEmpresa:%0D%0AMotivo%20del%20contacto:%0D%0A%0D%0AGracias.\" class=\"elementor-icon\" tabindex=\"-1\" aria-label=\"Cu\u00e9ntanos&lt;br&gt; tu proyecto\">\n\t\t\t\t<svg xmlns=\"http:\/\/www.w3.org\/2000\/svg\" xmlns:xlink=\"http:\/\/www.w3.org\/1999\/xlink\" id=\"Capa_1\" viewBox=\"0 0 85.04 85.04\"><defs><style>      .st0 {        fill: none;      }      .st1 {        fill: #b7aba4;      }      .st2 {        clip-path: url(#clippath);      }    <\/style><clipPath id=\"clippath\"><rect class=\"st0\" y=\"0\" width=\"85.04\" height=\"85.04\"><\/rect><\/clipPath><\/defs><g class=\"st2\"><path class=\"st1\" d=\"M76.66,42.51c-13.23-6.81-23.74-16.58-30.01-28.09h-2.16c3.41,10.77,9.87,19.99,18.25,26.57H8.38v3.07h54.32c-8.37,6.58-14.82,15.8-18.22,26.57h2.15c6.27-11.52,16.78-21.3,30.02-28.12\"><\/path><\/g><\/svg>\t\t\t\t<\/a>\n\t\t\t<\/div>\n\t\t\t\n\t\t\t\t\t\t<div class=\"elementor-icon-box-content\">\n\n\t\t\t\t\t\t\t\t\t<h3 class=\"elementor-icon-box-title\">\n\t\t\t\t\t\t<a href=\"mailto:phoyorosa@arenanegrastudio.com?subject=Contacto%20desde%20la%20web&#038;body=Hola,%0D%0A%0D%0AMe%20gustar%C3%ADa%20recibir%20m%C3%A1s%20informaci%C3%B3n.%0D%0A%0D%0ANombre:%0D%0AEmpresa:%0D%0AMotivo%20del%20contacto:%0D%0A%0D%0AGracias.\" >\n\t\t\t\t\t\t\tCu\u00e9ntanos<br> tu proyecto\t\t\t\t\t\t<\/a>\n\t\t\t\t\t<\/h3>\n\t\t\t\t\n\t\t\t\t\n\t\t\t<\/div>\n\t\t\t\n\t\t<\/div>\n\t\t\t\t\t\t<\/div>\n\t\t\t\t<\/div>\n\t\t<div class=\"elementor-element elementor-element-20f9d31 e-con-full elementor-hidden-desktop elementor-hidden-tablet e-flex e-con e-child\" data-id=\"20f9d31\" data-element_type=\"container\" data-settings=\"{&quot;background_background&quot;:&quot;classic&quot;}\">\n\t\t\t\t<div class=\"elementor-element elementor-element-721b949 elementor-view-framed elementor-widget__width-inherit elementor-widget-mobile__width-initial elementor-shape-circle elementor-position-top elementor-mobile-position-top elementor-widget elementor-widget-icon-box\" data-id=\"721b949\" data-element_type=\"widget\" data-widget_type=\"icon-box.default\">\n\t\t\t\t\t\t\t<div class=\"elementor-icon-box-wrapper\">\n\n\t\t\t\t\t\t<div class=\"elementor-icon-box-icon\">\n\t\t\t\t<a href=\"https:\/\/arenanegrastudio.com\/?page_id=200\" class=\"elementor-icon\" tabindex=\"-1\" aria-label=\"Merchandising&lt;br&gt; para empresas\">\n\t\t\t\t<svg xmlns=\"http:\/\/www.w3.org\/2000\/svg\" xmlns:xlink=\"http:\/\/www.w3.org\/1999\/xlink\" id=\"Capa_1\" viewBox=\"0 0 85.04 85.04\"><defs><style>      .st0 {        fill: none;      }      .st1 {        fill: #b7aba4;      }      .st2 {        clip-path: url(#clippath);      }    <\/style><clipPath id=\"clippath\"><rect class=\"st0\" y=\"0\" width=\"85.04\" height=\"85.04\"><\/rect><\/clipPath><\/defs><g class=\"st2\"><path class=\"st1\" d=\"M65.92,26.95c-.01-3.93-.58-7.44-1.72-10.52-1.15-3.11-2.75-5.74-4.81-7.89-2.06-2.15-4.53-3.79-7.4-4.91-2.87-1.12-6.04-1.68-9.5-1.68s-6.56.56-9.44,1.68c-2.87,1.12-5.34,2.76-7.4,4.91-2.06,2.15-3.67,4.78-4.81,7.89-1.14,3.08-1.71,6.59-1.72,10.52h4.94c-.08-.78-.12-1.56-.12-2.36,0-11.52,8.32-20.86,18.58-20.86s18.58,9.34,18.58,20.86c0,.8-.04,1.59-.12,2.36h4.94Z\"><\/path><\/g><path class=\"st1\" d=\"M69.64,80.14H15.4v-43.97h54.23v43.97ZM72.55,83.05v-49.79H12.49v49.79h60.06Z\"><\/path><\/svg>\t\t\t\t<\/a>\n\t\t\t<\/div>\n\t\t\t\n\t\t\t\t\t\t<div class=\"elementor-icon-box-content\">\n\n\t\t\t\t\t\t\t\t\t<h3 class=\"elementor-icon-box-title\">\n\t\t\t\t\t\t<a href=\"https:\/\/arenanegrastudio.com\/?page_id=200\" >\n\t\t\t\t\t\t\tMerchandising<br> para empresas\t\t\t\t\t\t<\/a>\n\t\t\t\t\t<\/h3>\n\t\t\t\t\n\t\t\t\t\n\t\t\t<\/div>\n\t\t\t\n\t\t<\/div>\n\t\t\t\t\t\t<\/div>\n\t\t\t\t<div class=\"elementor-element elementor-element-8f59c97 elementor-view-framed elementor-widget__width-inherit elementor-widget-mobile__width-initial elementor-shape-circle elementor-position-top elementor-mobile-position-top elementor-widget elementor-widget-icon-box\" data-id=\"8f59c97\" data-element_type=\"widget\" data-widget_type=\"icon-box.default\">\n\t\t\t\t\t\t\t<div class=\"elementor-icon-box-wrapper\">\n\n\t\t\t\t\t\t<div class=\"elementor-icon-box-icon\">\n\t\t\t\t<a href=\"https:\/\/arenanegrastudio.com\/?page_id=454\" class=\"elementor-icon\" tabindex=\"-1\" aria-label=\"Im\u00e1gen&lt;br&gt; corporativa\">\n\t\t\t\t<svg xmlns=\"http:\/\/www.w3.org\/2000\/svg\" xmlns:xlink=\"http:\/\/www.w3.org\/1999\/xlink\" id=\"Capa_1\" viewBox=\"0 0 85.04 85.04\"><defs><style>      .st0 {        fill: none;      }      .st1 {        fill: #b7aba4;      }      .st2 {        clip-path: url(#clippath);      }    <\/style><clipPath id=\"clippath\"><rect class=\"st0\" y=\"0\" width=\"85.04\" height=\"85.04\"><\/rect><\/clipPath><\/defs><g class=\"st2\"><path class=\"st1\" d=\"M62.64,42.52c-9.32,6.78-16.48,16.86-20.12,28.73-3.64-11.87-10.8-21.96-20.12-28.73,9.32-6.77,16.48-16.86,20.12-28.73,3.64,11.88,10.8,21.96,20.12,28.73M74.52,42.52c-14.82-7.83-26.21-19.47-32-33.19-5.79,13.72-17.18,25.37-32,33.19,14.82,7.83,26.21,19.48,32,33.19,5.79-13.72,17.18-25.37,32-33.19\"><\/path><\/g><\/svg>\t\t\t\t<\/a>\n\t\t\t<\/div>\n\t\t\t\n\t\t\t\t\t\t<div class=\"elementor-icon-box-content\">\n\n\t\t\t\t\t\t\t\t\t<h3 class=\"elementor-icon-box-title\">\n\t\t\t\t\t\t<a href=\"https:\/\/arenanegrastudio.com\/?page_id=454\" >\n\t\t\t\t\t\t\tIm\u00e1gen<br> corporativa\t\t\t\t\t\t<\/a>\n\t\t\t\t\t<\/h3>\n\t\t\t\t\n\t\t\t\t\n\t\t\t<\/div>\n\t\t\t\n\t\t<\/div>\n\t\t\t\t\t\t<\/div>\n\t\t\t\t<div class=\"elementor-element elementor-element-cbfdd76 elementor-view-framed elementor-widget__width-inherit elementor-widget-mobile__width-initial elementor-shape-circle elementor-position-top elementor-mobile-position-top elementor-widget elementor-widget-icon-box\" data-id=\"cbfdd76\" data-element_type=\"widget\" data-widget_type=\"icon-box.default\">\n\t\t\t\t\t\t\t<div class=\"elementor-icon-box-wrapper\">\n\n\t\t\t\t\t\t<div class=\"elementor-icon-box-icon\">\n\t\t\t\t<a href=\"https:\/\/arenanegrastudio.com\/?page_id=399\" class=\"elementor-icon\" tabindex=\"-1\" aria-label=\"Eventos&lt;br&gt;&amp; experiencias\">\n\t\t\t\t<svg xmlns=\"http:\/\/www.w3.org\/2000\/svg\" xmlns:xlink=\"http:\/\/www.w3.org\/1999\/xlink\" id=\"Capa_1\" viewBox=\"0 0 85.04 85.04\"><defs><style>      .st0 {        fill: none;      }      .st1 {        fill: #b8aca4;      }      .st2 {        clip-path: url(#clippath);      }    <\/style><clipPath id=\"clippath\"><rect class=\"st0\" y=\"0\" width=\"85.04\" height=\"85.04\"><\/rect><\/clipPath><\/defs><g class=\"st2\"><path class=\"st1\" d=\"M68.43,37.52c-7.6,4.04-12.84,10.97-12.84,20.69,0,3.89,1.59,8.29,3.08,11.56-4.09-3.96-10.21-7.37-16.15-7.37s-12.06,3.42-16.15,7.37c1.49-3.27,3.08-7.67,3.08-11.56,0-9.73-5.24-16.91-12.84-20.95,1.04.15,2.09.26,3.17.26,13.87,0,20.89-6.59,22.74-20.79,2.16,14.35,11.24,21.05,22.74,21.05,1.08,0,2.13-.11,3.17-.26M78.94,34.73c-1.46.19-2.94.33-4.45.33-16.18,0-29.55-11.43-31.97-26.37-2.42,14.93-15.79,26.37-31.97,26.37-1.51,0-2.99-.13-4.45-.33,10.69,5.1,18.05,15.69,18.05,27.96,0,4.91-1.21,9.53-3.3,13.66,5.74-4.99,13.33-8.06,21.67-8.06s15.93,3.06,21.67,8.06c-2.09-4.13-3.3-8.75-3.3-13.66,0-12.27,7.36-22.86,18.05-27.96\"><\/path><\/g><\/svg>\t\t\t\t<\/a>\n\t\t\t<\/div>\n\t\t\t\n\t\t\t\t\t\t<div class=\"elementor-icon-box-content\">\n\n\t\t\t\t\t\t\t\t\t<h3 class=\"elementor-icon-box-title\">\n\t\t\t\t\t\t<a href=\"https:\/\/arenanegrastudio.com\/?page_id=399\" >\n\t\t\t\t\t\t\tEventos<br>&amp; experiencias\t\t\t\t\t\t<\/a>\n\t\t\t\t\t<\/h3>\n\t\t\t\t\n\t\t\t\t\n\t\t\t<\/div>\n\t\t\t\n\t\t<\/div>\n\t\t\t\t\t\t<\/div>\n\t\t\t\t<div class=\"elementor-element elementor-element-889a177 elementor-view-framed elementor-widget__width-inherit elementor-widget-mobile__width-initial elementor-shape-circle elementor-position-top elementor-mobile-position-top elementor-widget elementor-widget-icon-box\" data-id=\"889a177\" data-element_type=\"widget\" data-widget_type=\"icon-box.default\">\n\t\t\t\t\t\t\t<div class=\"elementor-icon-box-wrapper\">\n\n\t\t\t\t\t\t<div class=\"elementor-icon-box-icon\">\n\t\t\t\t<a href=\"mailto:phoyorosa@arenanegrastudio.com?subject=Contacto%20desde%20la%20web&#038;body=Hola,%0D%0A%0D%0AMe%20gustar%C3%ADa%20recibir%20m%C3%A1s%20informaci%C3%B3n.%0D%0A%0D%0ANombre:%0D%0AEmpresa:%0D%0AMotivo%20del%20contacto:%0D%0A%0D%0AGracias.\" class=\"elementor-icon\" tabindex=\"-1\" aria-label=\"Cu\u00e9ntanos&lt;br&gt; tu proyecto\">\n\t\t\t\t<svg xmlns=\"http:\/\/www.w3.org\/2000\/svg\" xmlns:xlink=\"http:\/\/www.w3.org\/1999\/xlink\" id=\"Capa_1\" viewBox=\"0 0 85.04 85.04\"><defs><style>      .st0 {        fill: none;      }      .st1 {        fill: #b7aba4;      }      .st2 {        clip-path: url(#clippath);      }    <\/style><clipPath id=\"clippath\"><rect class=\"st0\" y=\"0\" width=\"85.04\" height=\"85.04\"><\/rect><\/clipPath><\/defs><g class=\"st2\"><path class=\"st1\" d=\"M76.66,42.51c-13.23-6.81-23.74-16.58-30.01-28.09h-2.16c3.41,10.77,9.87,19.99,18.25,26.57H8.38v3.07h54.32c-8.37,6.58-14.82,15.8-18.22,26.57h2.15c6.27-11.52,16.78-21.3,30.02-28.12\"><\/path><\/g><\/svg>\t\t\t\t<\/a>\n\t\t\t<\/div>\n\t\t\t\n\t\t\t\t\t\t<div class=\"elementor-icon-box-content\">\n\n\t\t\t\t\t\t\t\t\t<h3 class=\"elementor-icon-box-title\">\n\t\t\t\t\t\t<a href=\"mailto:phoyorosa@arenanegrastudio.com?subject=Contacto%20desde%20la%20web&#038;body=Hola,%0D%0A%0D%0AMe%20gustar%C3%ADa%20recibir%20m%C3%A1s%20informaci%C3%B3n.%0D%0A%0D%0ANombre:%0D%0AEmpresa:%0D%0AMotivo%20del%20contacto:%0D%0A%0D%0AGracias.\" >\n\t\t\t\t\t\t\tCu\u00e9ntanos<br> tu proyecto\t\t\t\t\t\t<\/a>\n\t\t\t\t\t<\/h3>\n\t\t\t\t\n\t\t\t\t\n\t\t\t<\/div>\n\t\t\t\n\t\t<\/div>\n\t\t\t\t\t\t<\/div>\n\t\t\t\t<\/div>\n\t\t<div class=\"elementor-element elementor-element-a699e33 e-con-full e-flex e-con e-child\" data-id=\"a699e33\" data-element_type=\"container\">\n\t\t\t\t<div class=\"elementor-element elementor-element-21abcf25 elementor-widget__width-initial elementor-widget elementor-widget-heading\" data-id=\"21abcf25\" data-element_type=\"widget\" data-widget_type=\"heading.default\">\n\t\t\t\t\t<h2 class=\"elementor-heading-title elementor-size-default\">\u201cLa gente olvidar\u00e1 lo que dijiste,\nolvidar\u00e1 lo que hiciste, pero nunca olvidar\u00e1\nc\u00f3mo la hiciste sentir\u201d<\/h2>\t\t\t\t<\/div>\n\t\t\t\t<div class=\"elementor-element elementor-element-27bb15c3 elementor-widget__width-initial elementor-widget elementor-widget-heading\" data-id=\"27bb15c3\" data-element_type=\"widget\" data-widget_type=\"heading.default\">\n\t\t\t\t\t<h2 class=\"elementor-heading-title elementor-size-default\">M. Angelou<\/h2>\t\t\t\t<\/div>\n\t\t\t\t<div class=\"elementor-element elementor-element-32153939 elementor-widget elementor-widget-image\" data-id=\"32153939\" data-element_type=\"widget\" data-widget_type=\"image.default\">\n\t\t\t\t\t\t\t\t\t\t\t\t\t\t\t<img fetchpriority=\"high\" decoding=\"async\" width=\"828\" height=\"232\" src=\"https:\/\/arenanegrastudio.com\/wp-content\/uploads\/2025\/11\/AN_ARENA_BLANCA_HOR@2x.png\" class=\"attachment-large size-large wp-image-28\" alt=\"\" srcset=\"https:\/\/arenanegrastudio.com\/wp-content\/uploads\/2025\/11\/AN_ARENA_BLANCA_HOR@2x.png 828w, https:\/\/arenanegrastudio.com\/wp-content\/uploads\/2025\/11\/AN_ARENA_BLANCA_HOR@2x-300x84.png 300w, https:\/\/arenanegrastudio.com\/wp-content\/uploads\/2025\/11\/AN_ARENA_BLANCA_HOR@2x-768x215.png 768w\" sizes=\"(max-width: 828px) 100vw, 828px\" \/>\t\t\t\t\t\t\t\t\t\t\t\t\t\t\t<\/div>\n\t\t\t\t<div class=\"elementor-element elementor-element-1fa758b elementor-widget__width-initial elementor-widget elementor-widget-heading\" data-id=\"1fa758b\" data-element_type=\"widget\" data-widget_type=\"heading.default\">\n\t\t\t\t\t<h2 class=\"elementor-heading-title elementor-size-default\">Imagen corporativa \u00b7 Merchandising \u00b7 Regalos VIP \u00b7 Mice &amp; Corporate events<\/h2>\t\t\t\t<\/div>\n\t\t\t\t<\/div>\n\t\t<div class=\"elementor-element elementor-element-c06b606 e-con-full elementor-hidden-desktop elementor-hidden-tablet e-flex e-con e-child\" data-id=\"c06b606\" data-element_type=\"container\" data-settings=\"{&quot;background_background&quot;:&quot;classic&quot;}\">\n\t\t\t\t<div class=\"elementor-element elementor-element-e56a41d elementor-view-framed elementor-widget__width-inherit elementor-widget-mobile__width-initial elementor-shape-circle elementor-position-top elementor-mobile-position-top elementor-widget elementor-widget-icon-box\" data-id=\"e56a41d\" data-element_type=\"widget\" data-widget_type=\"icon-box.default\">\n\t\t\t\t\t\t\t<div class=\"elementor-icon-box-wrapper\">\n\n\t\t\t\t\t\t<div class=\"elementor-icon-box-icon\">\n\t\t\t\t<a href=\"https:\/\/wa.me\/34633757706\" class=\"elementor-icon\" tabindex=\"-1\" aria-label=\"Whatsapp\">\n\t\t\t\t<svg aria-hidden=\"true\" class=\"e-font-icon-svg e-fab-whatsapp\" viewBox=\"0 0 448 512\" xmlns=\"http:\/\/www.w3.org\/2000\/svg\"><path d=\"M380.9 97.1C339 55.1 283.2 32 223.9 32c-122.4 0-222 99.6-222 222 0 39.1 10.2 77.3 29.6 111L0 480l117.7-30.9c32.4 17.7 68.9 27 106.1 27h.1c122.3 0 224.1-99.6 224.1-222 0-59.3-25.2-115-67.1-157zm-157 341.6c-33.2 0-65.7-8.9-94-25.7l-6.7-4-69.8 18.3L72 359.2l-4.4-7c-18.5-29.4-28.2-63.3-28.2-98.2 0-101.7 82.8-184.5 184.6-184.5 49.3 0 95.6 19.2 130.4 54.1 34.8 34.9 56.2 81.2 56.1 130.5 0 101.8-84.9 184.6-186.6 184.6zm101.2-138.2c-5.5-2.8-32.8-16.2-37.9-18-5.1-1.9-8.8-2.8-12.5 2.8-3.7 5.6-14.3 18-17.6 21.8-3.2 3.7-6.5 4.2-12 1.4-32.6-16.3-54-29.1-75.5-66-5.7-9.8 5.7-9.1 16.3-30.3 1.8-3.7.9-6.9-.5-9.7-1.4-2.8-12.5-30.1-17.1-41.2-4.5-10.8-9.1-9.3-12.5-9.5-3.2-.2-6.9-.2-10.6-.2-3.7 0-9.7 1.4-14.8 6.9-5.1 5.6-19.4 19-19.4 46.3 0 27.3 19.9 53.7 22.6 57.4 2.8 3.7 39.1 59.7 94.8 83.8 35.2 15.2 49 16.5 66.6 13.9 10.7-1.6 32.8-13.4 37.4-26.4 4.6-13 4.6-24.1 3.2-26.4-1.3-2.5-5-3.9-10.5-6.6z\"><\/path><\/svg>\t\t\t\t<\/a>\n\t\t\t<\/div>\n\t\t\t\n\t\t\t\t\t\t<div class=\"elementor-icon-box-content\">\n\n\t\t\t\t\t\t\t\t\t<h3 class=\"elementor-icon-box-title\">\n\t\t\t\t\t\t<a href=\"https:\/\/wa.me\/34633757706\" >\n\t\t\t\t\t\t\tWhatsapp\t\t\t\t\t\t<\/a>\n\t\t\t\t\t<\/h3>\n\t\t\t\t\n\t\t\t\t\n\t\t\t<\/div>\n\t\t\t\n\t\t<\/div>\n\t\t\t\t\t\t<\/div>\n\t\t\t\t<\/div>\n\t\t\t\t\t<\/div>\n\t\t\t\t<\/div>\n\t\t\t\t<\/div>\n\t\t","protected":false},"excerpt":{"rendered":"<p>Merchandising para empresas Im\u00e1gen corporativa Eventos&amp; experiencias Cu\u00e9ntanos tu proyecto Merchandising para empresas Im\u00e1gen corporativa Eventos&amp; experiencias Cu\u00e9ntanos tu proyecto \u201cLa gente olvidar\u00e1 lo que dijiste, olvidar\u00e1 lo que hiciste, pero nunca olvidar\u00e1 c\u00f3mo la hiciste sentir\u201d M. Angelou Imagen corporativa \u00b7 Merchandising \u00b7 Regalos VIP \u00b7 Mice &amp; Corporate events Whatsapp<\/p>\n","protected":false},"author":1,"featured_media":0,"parent":0,"menu_order":0,"comment_status":"closed","ping_status":"closed","template":"elementor_canvas","meta":{"footnotes":""},"class_list":["post-173","page","type-page","status-publish","hentry"],"_links":{"self":[{"href":"https:\/\/arenanegrastudio.com\/index.php?rest_route=\/wp\/v2\/pages\/173","targetHints":{"allow":["GET"]}}],"collection":[{"href":"https:\/\/arenanegrastudio.com\/index.php?rest_route=\/wp\/v2\/pages"}],"about":[{"href":"https:\/\/arenanegrastudio.com\/index.php?rest_route=\/wp\/v2\/types\/page"}],"author":[{"embeddable":true,"href":"https:\/\/arenanegrastudio.com\/index.php?rest_route=\/wp\/v2\/users\/1"}],"replies":[{"embeddable":true,"href":"https:\/\/arenanegrastudio.com\/index.php?rest_route=%2Fwp%2Fv2%2Fcomments&post=173"}],"version-history":[{"count":55,"href":"https:\/\/arenanegrastudio.com\/index.php?rest_route=\/wp\/v2\/pages\/173\/revisions"}],"predecessor-version":[{"id":565,"href":"https:\/\/arenanegrastudio.com\/index.php?rest_route=\/wp\/v2\/pages\/173\/revisions\/565"}],"wp:attachment":[{"href":"https:\/\/arenanegrastudio.com\/index.php?rest_route=%2Fwp%2Fv2%2Fmedia&parent=173"}],"curies":[{"name":"wp","href":"https:\/\/api.w.org\/{rel}","templated":true}]}}